{"id":23745,"date":"2023-08-15T14:57:38","date_gmt":"2023-08-15T12:57:38","guid":{"rendered":"https:\/\/addavignon.com\/site_v2\/?page_id=23745"},"modified":"2023-08-16T19:04:09","modified_gmt":"2023-08-16T17:04:09","slug":"eglise-locale","status":"publish","type":"page","link":"https:\/\/addavignon.com\/en\/eglise-locale\/","title":{"rendered":"What is the Local church ?"},"content":{"rendered":"<div data-elementor-type=\"wp-page\" data-elementor-id=\"23745\" class=\"elementor elementor-23745\">\n\t\t\t\t\t\t\t\t\t<section class=\"elementor-section elementor-top-section elementor-element elementor-element-7d41a3aa scheme_light elementor-section-boxed elementor-section-height-default elementor-section-height-default sc_fly_static\" data-id=\"7d41a3aa\" data-element_type=\"section\" data-settings=\"{&quot;background_background&quot;:&quot;classic&quot;}\">\n\t\t\t\t\t\t<div class=\"elementor-container elementor-column-gap-default\">\n\t\t\t\t\t<div class=\"elementor-column elementor-col-100 elementor-top-column elementor-element elementor-element-30bb3eb1 sc_inner_width_none sc_content_align_inherit sc_layouts_column_icons_position_left sc_fly_static\" data-id=\"30bb3eb1\" data-element_type=\"column\">\n\t\t\t<div class=\"elementor-widget-wrap elementor-element-populated\">\n\t\t\t\t\t\t\t\t<div class=\"elementor-element elementor-element-31a2fb4b sc_fly_static elementor-widget elementor-widget-trx_sc_title\" data-id=\"31a2fb4b\" data-element_type=\"widget\" data-widget_type=\"trx_sc_title.default\">\n\t\t\t\t<div class=\"elementor-widget-container\">\n\t\t\t<div\t\tclass=\"sc_title color_style_link2 sc_title_accent\" ><span class=\"sc_item_subtitle sc_title_subtitle sc_item_subtitle_above sc_item_title_style_accent\">Know more about us<\/span><h2 class=\"sc_item_title sc_title_title sc_item_title_style_accent\"\n\t\t\t><span class=\"sc_item_title_text\">What is the Local church ? <\/span><\/h2><\/div>\t\t<\/div>\n\t\t\t\t<\/div>\n\t\t\t\t<div class=\"elementor-element elementor-element-42e6a752 sc_height_huge sc_fly_static elementor-widget elementor-widget-spacer\" data-id=\"42e6a752\" data-element_type=\"widget\" data-widget_type=\"spacer.default\">\n\t\t\t\t<div class=\"elementor-widget-container\">\n\t\t\t\t\t<div class=\"elementor-spacer\">\n\t\t\t<div class=\"elementor-spacer-inner\"><\/div>\n\t\t<\/div>\n\t\t\t\t<\/div>\n\t\t\t\t<\/div>\n\t\t\t\t<section class=\"elementor-section elementor-inner-section elementor-element elementor-element-070dbc5 elementor-section-boxed elementor-section-height-default elementor-section-height-default sc_fly_static\" data-id=\"070dbc5\" data-element_type=\"section\">\n\t\t\t\t\t\t<div class=\"elementor-container elementor-column-gap-extended\">\n\t\t\t\t\t<div class=\"elementor-column elementor-col-50 elementor-inner-column elementor-element elementor-element-8516ded sc_inner_width_none sc_content_align_inherit sc_layouts_column_icons_position_left sc_fly_static\" data-id=\"8516ded\" data-element_type=\"column\">\n\t\t\t<div class=\"elementor-widget-wrap elementor-element-populated\">\n\t\t\t\t\t\t\t\t<div class=\"elementor-element elementor-element-3602788 sc_fly_static elementor-widget elementor-widget-text-editor\" data-id=\"3602788\" data-element_type=\"widget\" data-widget_type=\"text-editor.default\">\n\t\t\t\t<div class=\"elementor-widget-container\">\n\t\t\t\t\t\t\tThe Local Church is not only our temple (location for cult), but it is beyond all the concrete living reunion for believers.\n<br\/>\nFind below a short presentation through our different services :<\/p>\n<p>\n<ul>\n \t<li>Internal (<i>Welcoming service, library counter, sound system, worshiping team, Biblical teaching for children and teenagers, youth, baby caring, elders, fraternal agape, rooms maintenance, green spaces<\/i>)<\/li>\n \t<li>External (<i>Eggs hunt, concerts in neighborhood partie, evangelization missions, baptism services, training and teaching for young and students, the \"Club of the Joy\", clothing service \"The Tree of Life\")... These events and a lot more are organized with the CAFEJ 84<\/i><\/li>\n<\/ul>\t\t\t\t\t\t<\/div>\n\t\t\t\t<\/div>\n\t\t\t\t\t<\/div>\n\t\t<\/div>\n\t\t\t\t<div class=\"elementor-column elementor-col-50 elementor-inner-column elementor-element elementor-element-5d38a0a sc_inner_width_none sc_content_align_inherit sc_layouts_column_icons_position_left sc_fly_static\" data-id=\"5d38a0a\" data-element_type=\"column\">\n\t\t\t<div class=\"elementor-widget-wrap elementor-element-populated\">\n\t\t\t\t\t\t\t\t<div class=\"elementor-element elementor-element-8c14f05 e-transform sc_fly_static elementor-widget elementor-widget-image\" data-id=\"8c14f05\" data-element_type=\"widget\" data-settings=\"{&quot;_transform_translateY_effect&quot;:{&quot;unit&quot;:&quot;px&quot;,&quot;size&quot;:-25,&quot;sizes&quot;:[]},&quot;_transform_translateX_effect&quot;:{&quot;unit&quot;:&quot;px&quot;,&quot;size&quot;:&quot;&quot;,&quot;sizes&quot;:[]},&quot;_transform_translateX_effect_tablet&quot;:{&quot;unit&quot;:&quot;px&quot;,&quot;size&quot;:&quot;&quot;,&quot;sizes&quot;:[]},&quot;_transform_translateX_effect_mobile&quot;:{&quot;unit&quot;:&quot;px&quot;,&quot;size&quot;:&quot;&quot;,&quot;sizes&quot;:[]},&quot;_transform_translateY_effect_tablet&quot;:{&quot;unit&quot;:&quot;px&quot;,&quot;size&quot;:&quot;&quot;,&quot;sizes&quot;:[]},&quot;_transform_translateY_effect_mobile&quot;:{&quot;unit&quot;:&quot;px&quot;,&quot;size&quot;:&quot;&quot;,&quot;sizes&quot;:[]}}\" data-widget_type=\"image.default\">\n\t\t\t\t<div class=\"elementor-widget-container\">\n\t\t\t\t\t\t\t\t\t\t\t\t\t\t\t<img loading=\"lazy\" decoding=\"async\" width=\"1009\" height=\"1024\" src=\"https:\/\/addavignon.com\/wp-content\/uploads\/2023\/08\/PHOTO-2023-01-29-09-00-16-2-e1692110042836-1009x1024.jpg\" class=\"attachment-large size-large wp-image-23809\" alt=\"\" srcset=\"https:\/\/addavignon.com\/wp-content\/uploads\/2023\/08\/PHOTO-2023-01-29-09-00-16-2-e1692110042836-1009x1024.jpg 1009w, https:\/\/addavignon.com\/wp-content\/uploads\/2023\/08\/PHOTO-2023-01-29-09-00-16-2-e1692110042836-296x300.jpg 296w, https:\/\/addavignon.com\/wp-content\/uploads\/2023\/08\/PHOTO-2023-01-29-09-00-16-2-e1692110042836-768x780.jpg 768w, https:\/\/addavignon.com\/wp-content\/uploads\/2023\/08\/PHOTO-2023-01-29-09-00-16-2-e1692110042836-1513x1536.jpg 1513w, https:\/\/addavignon.com\/wp-content\/uploads\/2023\/08\/PHOTO-2023-01-29-09-00-16-2-e1692110042836-370x376.jpg 370w, https:\/\/addavignon.com\/wp-content\/uploads\/2023\/08\/PHOTO-2023-01-29-09-00-16-2-e1692110042836-840x853.jpg 840w, https:\/\/addavignon.com\/wp-content\/uploads\/2023\/08\/PHOTO-2023-01-29-09-00-16-2-e1692110042836-410x416.jpg 410w, https:\/\/addavignon.com\/wp-content\/uploads\/2023\/08\/PHOTO-2023-01-29-09-00-16-2-e1692110042836.jpg 1535w\" sizes=\"auto, (max-width: 1009px) 100vw, 1009px\" \/>\t\t\t\t\t\t\t\t\t\t\t\t\t\t\t<\/div>\n\t\t\t\t<\/div>\n\t\t\t\t\t<\/div>\n\t\t<\/div>\n\t\t\t\t\t\t\t<\/div>\n\t\t<\/section>\n\t\t\t\t<div class=\"elementor-element elementor-element-9da929c sc_layouts_hide_on_tablet sc_layouts_hide_on_mobile scheme_light sc_fly_static elementor-widget elementor-widget-spacer\" data-id=\"9da929c\" data-element_type=\"widget\" data-widget_type=\"spacer.default\">\n\t\t\t\t<div class=\"elementor-widget-container\">\n\t\t\t\t\t<div class=\"elementor-spacer\">\n\t\t\t<div class=\"elementor-spacer-inner\"><\/div>\n\t\t<\/div>\n\t\t\t\t<\/div>\n\t\t\t\t<\/div>\n\t\t\t\t<div class=\"elementor-element elementor-element-a90072e sc_fly_static elementor-widget elementor-widget-text-editor\" data-id=\"a90072e\" data-element_type=\"widget\" data-widget_type=\"text-editor.default\">\n\t\t\t\t<div class=\"elementor-widget-container\">\n\t\t\t\t\t\t\tThe minister that God gave to local church continues to impact every year tens of families within our assembly, but also outside. We give Him all the glory !\n\nFor information, we have an average of :\n<ul>\n \t<li><span>\u00a050 children on 65 who subscribed to Biblical Teaching Group (GIB)<\/span><\/li>\n \t<li><span>An average of 25 young people\/young adults that follow the Youth meeting every 2 Saturdays<\/span><\/li>\n \t<li><span >3 preachers reinforce the pastoral team<\/span><\/li>\n \t<li><span>More than 40 new people frequently come to the Church<\/span><\/li>\n \t<li class=\" translation-block\"><span>20 senior and newly retired gather on Thursday every two months for a moment of sharing.<\/span><\/li>\n<\/ul>\t\t\t\t\t\t<\/div>\n\t\t\t\t<\/div>\n\t\t\t\t\t<\/div>\n\t\t<\/div>\n\t\t\t\t\t\t\t<\/div>\n\t\t<\/section>\n\t\t\t\t<section class=\"elementor-section elementor-top-section elementor-element elementor-element-38e639b elementor-section-boxed elementor-section-height-default elementor-section-height-default sc_fly_static\" data-id=\"38e639b\" data-element_type=\"section\">\n\t\t\t\t\t\t<div class=\"elementor-container elementor-column-gap-extended\">\n\t\t\t\t\t<div class=\"elementor-column elementor-col-100 elementor-top-column elementor-element elementor-element-b9e0f9b sc_inner_width_none sc_content_align_inherit sc_layouts_column_icons_position_left sc_fly_static\" data-id=\"b9e0f9b\" data-element_type=\"column\">\n\t\t\t<div class=\"elementor-widget-wrap elementor-element-populated\">\n\t\t\t\t\t\t\t\t<div class=\"elementor-element elementor-element-927601c sc_fly_static elementor-widget elementor-widget-spacer\" data-id=\"927601c\" data-element_type=\"widget\" data-widget_type=\"spacer.default\">\n\t\t\t\t<div class=\"elementor-widget-container\">\n\t\t\t\t\t<div class=\"elementor-spacer\">\n\t\t\t<div class=\"elementor-spacer-inner\"><\/div>\n\t\t<\/div>\n\t\t\t\t<\/div>\n\t\t\t\t<\/div>\n\t\t\t\t<div class=\"elementor-element elementor-element-33f2abe sc_fly_static elementor-widget elementor-widget-text-editor\" data-id=\"33f2abe\" data-element_type=\"widget\" data-widget_type=\"text-editor.default\">\n\t\t\t\t<div class=\"elementor-widget-container\">\n\t\t\t\t\t\t\t<h4>Thanks to you, your prayers, and your financial support, we were able to set up all these things. Thanks to your faithfulness and great generosity.<\/h4>\t\t\t\t\t\t<\/div>\n\t\t\t\t<\/div>\n\t\t\t\t\t<\/div>\n\t\t<\/div>\n\t\t\t\t\t\t\t<\/div>\n\t\t<\/section>\n\t\t\t\t<section class=\"elementor-section elementor-top-section elementor-element elementor-element-3538db6 elementor-section-boxed elementor-section-height-default elementor-section-height-default sc_fly_static\" data-id=\"3538db6\" data-element_type=\"section\">\n\t\t\t\t\t\t<div class=\"elementor-container elementor-column-gap-extended\">\n\t\t\t\t\t<div class=\"elementor-column elementor-col-100 elementor-top-column elementor-element elementor-element-659676e sc_inner_width_none sc_content_align_inherit sc_layouts_column_icons_position_left sc_fly_static\" data-id=\"659676e\" data-element_type=\"column\">\n\t\t\t<div class=\"elementor-widget-wrap elementor-element-populated\">\n\t\t\t\t\t\t\t\t<div class=\"elementor-element elementor-element-42b9ae1 sc_fly_static elementor-widget elementor-widget-spacer\" data-id=\"42b9ae1\" data-element_type=\"widget\" data-widget_type=\"spacer.default\">\n\t\t\t\t<div class=\"elementor-widget-container\">\n\t\t\t\t\t<div class=\"elementor-spacer\">\n\t\t\t<div class=\"elementor-spacer-inner\"><\/div>\n\t\t<\/div>\n\t\t\t\t<\/div>\n\t\t\t\t<\/div>\n\t\t\t\t\t<\/div>\n\t\t<\/div>\n\t\t\t\t\t\t\t<\/div>\n\t\t<\/section>\n\t\t\t\t\t\t\t<\/div>","protected":false},"excerpt":{"rendered":"<p>Nous conna\u00eetre L&#8217;\u00e9glise locale, qu&#8217;est-ce que c&#8217;est ? L\u2019\u00e9glise locale ne se r\u00e9sume pas seulement \u00e0 notre temple (lieu de culte) mais avant tout elle est le rassemblement concret vivant&hellip;<\/p>","protected":false},"author":1,"featured_media":0,"parent":0,"menu_order":0,"comment_status":"closed","ping_status":"closed","template":"","meta":{"footnotes":""},"class_list":["post-23745","page","type-page","status-publish","hentry"],"_links":{"self":[{"href":"https:\/\/addavignon.com\/en\/wp-json\/wp\/v2\/pages\/23745","targetHints":{"allow":["GET"]}}],"collection":[{"href":"https:\/\/addavignon.com\/en\/wp-json\/wp\/v2\/pages"}],"about":[{"href":"https:\/\/addavignon.com\/en\/wp-json\/wp\/v2\/types\/page"}],"author":[{"embeddable":true,"href":"https:\/\/addavignon.com\/en\/wp-json\/wp\/v2\/users\/1"}],"replies":[{"embeddable":true,"href":"https:\/\/addavignon.com\/en\/wp-json\/wp\/v2\/comments?post=23745"}],"version-history":[{"count":40,"href":"https:\/\/addavignon.com\/en\/wp-json\/wp\/v2\/pages\/23745\/revisions"}],"predecessor-version":[{"id":23847,"href":"https:\/\/addavignon.com\/en\/wp-json\/wp\/v2\/pages\/23745\/revisions\/23847"}],"wp:attachment":[{"href":"https:\/\/addavignon.com\/en\/wp-json\/wp\/v2\/media?parent=23745"}],"curies":[{"name":"wp","href":"https:\/\/api.w.org\/{rel}","templated":true}]}}