{"id":23806,"date":"2023-08-15T16:59:25","date_gmt":"2023-08-15T14:59:25","guid":{"rendered":"https:\/\/addavignon.com\/site_v2\/?page_id=23806"},"modified":"2023-08-16T19:05:56","modified_gmt":"2023-08-16T17:05:56","slug":"notre-vision","status":"publish","type":"page","link":"https:\/\/addavignon.com\/en\/notre-vision\/","title":{"rendered":"Our vision"},"content":{"rendered":"<div data-elementor-type=\"wp-page\" data-elementor-id=\"23806\" class=\"elementor elementor-23806\">\n\t\t\t\t\t\t\t\t\t<section class=\"elementor-section elementor-top-section elementor-element elementor-element-7d41a3aa scheme_light elementor-section-boxed elementor-section-height-default elementor-section-height-default sc_fly_static\" data-id=\"7d41a3aa\" data-element_type=\"section\" data-settings=\"{&quot;background_background&quot;:&quot;classic&quot;}\">\n\t\t\t\t\t\t<div class=\"elementor-container elementor-column-gap-default\">\n\t\t\t\t\t<div class=\"elementor-column elementor-col-100 elementor-top-column elementor-element elementor-element-30bb3eb1 sc_inner_width_none sc_content_align_inherit sc_layouts_column_icons_position_left sc_fly_static\" data-id=\"30bb3eb1\" data-element_type=\"column\">\n\t\t\t<div class=\"elementor-widget-wrap elementor-element-populated\">\n\t\t\t\t\t\t\t\t<div class=\"elementor-element elementor-element-42e6a752 sc_height_huge sc_fly_static elementor-widget elementor-widget-spacer\" data-id=\"42e6a752\" data-element_type=\"widget\" data-widget_type=\"spacer.default\">\n\t\t\t\t<div class=\"elementor-widget-container\">\n\t\t\t\t\t<div class=\"elementor-spacer\">\n\t\t\t<div class=\"elementor-spacer-inner\"><\/div>\n\t\t<\/div>\n\t\t\t\t<\/div>\n\t\t\t\t<\/div>\n\t\t\t\t<section class=\"elementor-section elementor-inner-section elementor-element elementor-element-070dbc5 elementor-section-boxed elementor-section-height-default elementor-section-height-default sc_fly_static\" data-id=\"070dbc5\" data-element_type=\"section\">\n\t\t\t\t\t\t<div class=\"elementor-container elementor-column-gap-extended\">\n\t\t\t\t\t<div class=\"elementor-column elementor-col-50 elementor-inner-column elementor-element elementor-element-8516ded sc_inner_width_none sc_content_align_inherit sc_layouts_column_icons_position_left sc_fly_static\" data-id=\"8516ded\" data-element_type=\"column\">\n\t\t\t<div class=\"elementor-widget-wrap elementor-element-populated\">\n\t\t\t\t\t\t\t\t<div class=\"elementor-element elementor-element-8c14f05 e-transform sc_fly_static elementor-widget elementor-widget-image\" data-id=\"8c14f05\" data-element_type=\"widget\" data-settings=\"{&quot;_transform_translateY_effect&quot;:{&quot;unit&quot;:&quot;px&quot;,&quot;size&quot;:-25,&quot;sizes&quot;:[]},&quot;_transform_translateX_effect&quot;:{&quot;unit&quot;:&quot;px&quot;,&quot;size&quot;:&quot;&quot;,&quot;sizes&quot;:[]},&quot;_transform_translateX_effect_tablet&quot;:{&quot;unit&quot;:&quot;px&quot;,&quot;size&quot;:&quot;&quot;,&quot;sizes&quot;:[]},&quot;_transform_translateX_effect_mobile&quot;:{&quot;unit&quot;:&quot;px&quot;,&quot;size&quot;:&quot;&quot;,&quot;sizes&quot;:[]},&quot;_transform_translateY_effect_tablet&quot;:{&quot;unit&quot;:&quot;px&quot;,&quot;size&quot;:&quot;&quot;,&quot;sizes&quot;:[]},&quot;_transform_translateY_effect_mobile&quot;:{&quot;unit&quot;:&quot;px&quot;,&quot;size&quot;:&quot;&quot;,&quot;sizes&quot;:[]}}\" data-widget_type=\"image.default\">\n\t\t\t\t<div class=\"elementor-widget-container\">\n\t\t\t\t\t\t\t\t\t\t\t\t\t\t\t<img loading=\"lazy\" decoding=\"async\" width=\"1024\" height=\"564\" src=\"https:\/\/addavignon.com\/wp-content\/uploads\/2023\/08\/PHOTO-2023-01-29-09-00-16-1-e1692106626202-1024x564.jpg\" class=\"attachment-large size-large wp-image-23767\" alt=\"\" srcset=\"https:\/\/addavignon.com\/wp-content\/uploads\/2023\/08\/PHOTO-2023-01-29-09-00-16-1-e1692106626202-1024x564.jpg 1024w, https:\/\/addavignon.com\/wp-content\/uploads\/2023\/08\/PHOTO-2023-01-29-09-00-16-1-e1692106626202-300x165.jpg 300w, https:\/\/addavignon.com\/wp-content\/uploads\/2023\/08\/PHOTO-2023-01-29-09-00-16-1-e1692106626202-768x423.jpg 768w, https:\/\/addavignon.com\/wp-content\/uploads\/2023\/08\/PHOTO-2023-01-29-09-00-16-1-e1692106626202-370x204.jpg 370w, https:\/\/addavignon.com\/wp-content\/uploads\/2023\/08\/PHOTO-2023-01-29-09-00-16-1-e1692106626202-840x463.jpg 840w, https:\/\/addavignon.com\/wp-content\/uploads\/2023\/08\/PHOTO-2023-01-29-09-00-16-1-e1692106626202-410x226.jpg 410w, https:\/\/addavignon.com\/wp-content\/uploads\/2023\/08\/PHOTO-2023-01-29-09-00-16-1-e1692106626202.jpg 1536w\" sizes=\"auto, (max-width: 1024px) 100vw, 1024px\" \/>\t\t\t\t\t\t\t\t\t\t\t\t\t\t\t<\/div>\n\t\t\t\t<\/div>\n\t\t\t\t\t<\/div>\n\t\t<\/div>\n\t\t\t\t<div class=\"elementor-column elementor-col-50 elementor-inner-column elementor-element elementor-element-5d38a0a sc_inner_width_none sc_content_align_inherit sc_layouts_column_icons_position_left sc_fly_static\" data-id=\"5d38a0a\" data-element_type=\"column\">\n\t\t\t<div class=\"elementor-widget-wrap elementor-element-populated\">\n\t\t\t\t\t\t\t\t<div class=\"elementor-element elementor-element-31a2fb4b sc_fly_static elementor-widget elementor-widget-trx_sc_title\" data-id=\"31a2fb4b\" data-element_type=\"widget\" data-widget_type=\"trx_sc_title.default\">\n\t\t\t\t<div class=\"elementor-widget-container\">\n\t\t\t<div\t\tclass=\"sc_title color_style_link2 sc_title_accent\" ><span class=\"sc_item_subtitle sc_title_subtitle sc_item_subtitle_above sc_item_title_style_accent\">Our vision<\/span><h2 class=\"sc_item_title sc_title_title sc_item_title_style_accent\"\n\t\t\t><span class=\"sc_item_title_text\">Pour tous les peuples et toutes les nations, le livre des Actes en Avignon et jusqu'aux extr\u00e9mit\u00e9s de la terre.<\/span><\/h2><\/div>\t\t<\/div>\n\t\t\t\t<\/div>\n\t\t\t\t\t<\/div>\n\t\t<\/div>\n\t\t\t\t\t\t\t<\/div>\n\t\t<\/section>\n\t\t\t\t<div class=\"elementor-element elementor-element-9da929c sc_layouts_hide_on_tablet sc_layouts_hide_on_mobile scheme_light sc_fly_static elementor-widget elementor-widget-spacer\" data-id=\"9da929c\" data-element_type=\"widget\" data-widget_type=\"spacer.default\">\n\t\t\t\t<div class=\"elementor-widget-container\">\n\t\t\t\t\t<div class=\"elementor-spacer\">\n\t\t\t<div class=\"elementor-spacer-inner\"><\/div>\n\t\t<\/div>\n\t\t\t\t<\/div>\n\t\t\t\t<\/div>\n\t\t\t\t<section class=\"elementor-section elementor-inner-section elementor-element elementor-element-494b9475 elementor-section-boxed elementor-section-height-default elementor-section-height-default sc_fly_static\" data-id=\"494b9475\" data-element_type=\"section\">\n\t\t\t\t\t\t<div class=\"elementor-container elementor-column-gap-no\">\n\t\t\t\t\t<div class=\"elementor-column elementor-col-50 elementor-inner-column elementor-element elementor-element-22093e6c sc_inner_width_none sc_content_align_inherit sc_layouts_column_icons_position_left sc_fly_static\" data-id=\"22093e6c\" data-element_type=\"column\">\n\t\t\t<div class=\"elementor-widget-wrap elementor-element-populated\">\n\t\t\t\t\t\t\t\t<div class=\"elementor-element elementor-element-6a99c34d sc_fly_static elementor-widget elementor-widget-text-editor\" data-id=\"6a99c34d\" data-element_type=\"widget\" data-widget_type=\"text-editor.default\">\n\t\t\t\t<div class=\"elementor-widget-container\">\n\t\t\t\t\t\t\t<h4><span class=\"trx_addons_dropcap trx_addons_dropcap_style_2\" style=\"color: #14b3cb;\">1<\/span><span style=\"font-weight: 400;\">Nous croyons en la Bible, la Parole de Dieu<\/span><\/h4>\t\t\t\t\t\t<\/div>\n\t\t\t\t<\/div>\n\t\t\t\t<div class=\"elementor-element elementor-element-2ff873f sc_fly_static elementor-widget elementor-widget-spacer\" data-id=\"2ff873f\" data-element_type=\"widget\" data-widget_type=\"spacer.default\">\n\t\t\t\t<div class=\"elementor-widget-container\">\n\t\t\t\t\t<div class=\"elementor-spacer\">\n\t\t\t<div class=\"elementor-spacer-inner\"><\/div>\n\t\t<\/div>\n\t\t\t\t<\/div>\n\t\t\t\t<\/div>\n\t\t\t\t<div class=\"elementor-element elementor-element-32c2821 sc_fly_static elementor-widget elementor-widget-text-editor\" data-id=\"32c2821\" data-element_type=\"widget\" data-widget_type=\"text-editor.default\">\n\t\t\t\t<div class=\"elementor-widget-container\">\n\t\t\t\t\t\t\t<h4><span class=\"trx_addons_dropcap trx_addons_dropcap_style_2\" style=\"color: #14b3cb;\">3<\/span><span style=\"font-weight: 400;\"> Aimer la vie, nos amis, nos familles, nos coll\u00e8gues<\/span><\/h4>\t\t\t\t\t\t<\/div>\n\t\t\t\t<\/div>\n\t\t\t\t<div class=\"elementor-element elementor-element-d6bea09 sc_fly_static elementor-widget elementor-widget-spacer\" data-id=\"d6bea09\" data-element_type=\"widget\" data-widget_type=\"spacer.default\">\n\t\t\t\t<div class=\"elementor-widget-container\">\n\t\t\t\t\t<div class=\"elementor-spacer\">\n\t\t\t<div class=\"elementor-spacer-inner\"><\/div>\n\t\t<\/div>\n\t\t\t\t<\/div>\n\t\t\t\t<\/div>\n\t\t\t\t<div class=\"elementor-element elementor-element-181d0a3 sc_fly_static elementor-widget elementor-widget-text-editor\" data-id=\"181d0a3\" data-element_type=\"widget\" data-widget_type=\"text-editor.default\">\n\t\t\t\t<div class=\"elementor-widget-container\">\n\t\t\t\t\t\t\t<h4><span class=\"trx_addons_dropcap trx_addons_dropcap_style_2\" style=\"color: #14b3cb;\">5<\/span><span style=\"font-weight: 400;\">Vivre le livre des Actes<\/span><\/h4>\t\t\t\t\t\t<\/div>\n\t\t\t\t<\/div>\n\t\t\t\t<div class=\"elementor-element elementor-element-0b287ea sc_fly_static elementor-widget elementor-widget-spacer\" data-id=\"0b287ea\" data-element_type=\"widget\" data-widget_type=\"spacer.default\">\n\t\t\t\t<div class=\"elementor-widget-container\">\n\t\t\t\t\t<div class=\"elementor-spacer\">\n\t\t\t<div class=\"elementor-spacer-inner\"><\/div>\n\t\t<\/div>\n\t\t\t\t<\/div>\n\t\t\t\t<\/div>\n\t\t\t\t<div class=\"elementor-element elementor-element-607c1e2 sc_fly_static elementor-widget elementor-widget-text-editor\" data-id=\"607c1e2\" data-element_type=\"widget\" data-widget_type=\"text-editor.default\">\n\t\t\t\t<div class=\"elementor-widget-container\">\n\t\t\t\t\t\t\t<h4><span class=\"trx_addons_dropcap trx_addons_dropcap_style_2\" style=\"color: #14b3cb;\">7<\/span><span style=\"font-weight: 400;\">Etre une \u00e9glise g\u00e9n\u00e9reuse<\/span><\/h4>\t\t\t\t\t\t<\/div>\n\t\t\t\t<\/div>\n\t\t\t\t\t<\/div>\n\t\t<\/div>\n\t\t\t\t<div class=\"elementor-column elementor-col-50 elementor-inner-column elementor-element elementor-element-644cb1a0 sc_inner_width_none sc_content_align_inherit sc_layouts_column_icons_position_left sc_fly_static\" data-id=\"644cb1a0\" data-element_type=\"column\">\n\t\t\t<div class=\"elementor-widget-wrap elementor-element-populated\">\n\t\t\t\t\t\t\t\t<div class=\"elementor-element elementor-element-b2894a1 sc_fly_static elementor-widget elementor-widget-spacer\" data-id=\"b2894a1\" data-element_type=\"widget\" data-widget_type=\"spacer.default\">\n\t\t\t\t<div class=\"elementor-widget-container\">\n\t\t\t\t\t<div class=\"elementor-spacer\">\n\t\t\t<div class=\"elementor-spacer-inner\"><\/div>\n\t\t<\/div>\n\t\t\t\t<\/div>\n\t\t\t\t<\/div>\n\t\t\t\t<div class=\"elementor-element elementor-element-570e1b8e sc_fly_static elementor-widget elementor-widget-text-editor\" data-id=\"570e1b8e\" data-element_type=\"widget\" data-widget_type=\"text-editor.default\">\n\t\t\t\t<div class=\"elementor-widget-container\">\n\t\t\t\t\t\t\t<h4><span class=\"trx_addons_dropcap trx_addons_dropcap_style_2\" style=\"color: #14b3cb;\">2<\/span><span style=\"font-weight: 400;\"> Une forte relation personnelle et quotidienne avec Dieu<\/h4>\t\t\t\t\t\t<\/div>\n\t\t\t\t<\/div>\n\t\t\t\t<div class=\"elementor-element elementor-element-8537c58 sc_fly_static elementor-widget elementor-widget-spacer\" data-id=\"8537c58\" data-element_type=\"widget\" data-widget_type=\"spacer.default\">\n\t\t\t\t<div class=\"elementor-widget-container\">\n\t\t\t\t\t<div class=\"elementor-spacer\">\n\t\t\t<div class=\"elementor-spacer-inner\"><\/div>\n\t\t<\/div>\n\t\t\t\t<\/div>\n\t\t\t\t<\/div>\n\t\t\t\t<div class=\"elementor-element elementor-element-57631cc sc_fly_static elementor-widget elementor-widget-text-editor\" data-id=\"57631cc\" data-element_type=\"widget\" data-widget_type=\"text-editor.default\">\n\t\t\t\t<div class=\"elementor-widget-container\">\n\t\t\t\t\t\t\t<h4><span class=\"trx_addons_dropcap trx_addons_dropcap_style_2\" style=\"color: #14b3cb;\">4<\/span><span style=\"font-weight: 400;\">Etre des disciples de J\u00e9sus-Christ<\/span><\/h4>\t\t\t\t\t\t<\/div>\n\t\t\t\t<\/div>\n\t\t\t\t<div class=\"elementor-element elementor-element-a882cfd sc_fly_static elementor-widget elementor-widget-spacer\" data-id=\"a882cfd\" data-element_type=\"widget\" data-widget_type=\"spacer.default\">\n\t\t\t\t<div class=\"elementor-widget-container\">\n\t\t\t\t\t<div class=\"elementor-spacer\">\n\t\t\t<div class=\"elementor-spacer-inner\"><\/div>\n\t\t<\/div>\n\t\t\t\t<\/div>\n\t\t\t\t<\/div>\n\t\t\t\t<div class=\"elementor-element elementor-element-8f1d691 sc_fly_static elementor-widget elementor-widget-text-editor\" data-id=\"8f1d691\" data-element_type=\"widget\" data-widget_type=\"text-editor.default\">\n\t\t\t\t<div class=\"elementor-widget-container\">\n\t\t\t\t\t\t\t<h4><span class=\"trx_addons_dropcap trx_addons_dropcap_style_2\" style=\"color: #14b3cb;\">6<\/span><span style=\"font-weight: 400;\">Une vie conduite par le Saint-Esprit<\/span><\/h4>\t\t\t\t\t\t<\/div>\n\t\t\t\t<\/div>\n\t\t\t\t<div class=\"elementor-element elementor-element-69514ef sc_fly_static elementor-widget elementor-widget-spacer\" data-id=\"69514ef\" data-element_type=\"widget\" data-widget_type=\"spacer.default\">\n\t\t\t\t<div class=\"elementor-widget-container\">\n\t\t\t\t\t<div class=\"elementor-spacer\">\n\t\t\t<div class=\"elementor-spacer-inner\"><\/div>\n\t\t<\/div>\n\t\t\t\t<\/div>\n\t\t\t\t<\/div>\n\t\t\t\t\t<\/div>\n\t\t<\/div>\n\t\t\t\t\t\t\t<\/div>\n\t\t<\/section>\n\t\t\t\t\t<\/div>\n\t\t<\/div>\n\t\t\t\t\t\t\t<\/div>\n\t\t<\/section>\n\t\t\t\t\t\t\t<\/div>","protected":false},"excerpt":{"rendered":"<p>Notre vision Pour tous les peuples et toutes les nations, le livre des Actes en Avignon et jusqu&#8217;aux extr\u00e9mit\u00e9s de la terre. 1Nous croyons en la Bible, la Parole de&hellip;<\/p>","protected":false},"author":1,"featured_media":0,"parent":0,"menu_order":0,"comment_status":"closed","ping_status":"closed","template":"","meta":{"footnotes":""},"class_list":["post-23806","page","type-page","status-publish","hentry"],"_links":{"self":[{"href":"https:\/\/addavignon.com\/en\/wp-json\/wp\/v2\/pages\/23806","targetHints":{"allow":["GET"]}}],"collection":[{"href":"https:\/\/addavignon.com\/en\/wp-json\/wp\/v2\/pages"}],"about":[{"href":"https:\/\/addavignon.com\/en\/wp-json\/wp\/v2\/types\/page"}],"author":[{"embeddable":true,"href":"https:\/\/addavignon.com\/en\/wp-json\/wp\/v2\/users\/1"}],"replies":[{"embeddable":true,"href":"https:\/\/addavignon.com\/en\/wp-json\/wp\/v2\/comments?post=23806"}],"version-history":[{"count":8,"href":"https:\/\/addavignon.com\/en\/wp-json\/wp\/v2\/pages\/23806\/revisions"}],"predecessor-version":[{"id":23875,"href":"https:\/\/addavignon.com\/en\/wp-json\/wp\/v2\/pages\/23806\/revisions\/23875"}],"wp:attachment":[{"href":"https:\/\/addavignon.com\/en\/wp-json\/wp\/v2\/media?parent=23806"}],"curies":[{"name":"wp","href":"https:\/\/api.w.org\/{rel}","templated":true}]}}