{"id":23834,"date":"2023-08-15T17:04:15","date_gmt":"2023-08-15T15:04:15","guid":{"rendered":"https:\/\/addavignon.com\/site_v2\/?page_id=23834"},"modified":"2023-08-15T17:23:14","modified_gmt":"2023-08-15T15:23:14","slug":"bienfaisance-charite","status":"publish","type":"page","link":"https:\/\/addavignon.com\/en\/bienfaisance-charite\/","title":{"rendered":"Bienfaisance charit\u00e9"},"content":{"rendered":"<div data-elementor-type=\"wp-page\" data-elementor-id=\"23834\" class=\"elementor elementor-23834\">\n\t\t\t\t\t\t\t\t\t<section class=\"elementor-section elementor-top-section elementor-element elementor-element-7d41a3aa scheme_light elementor-section-boxed elementor-section-height-default elementor-section-height-default sc_fly_static\" data-id=\"7d41a3aa\" data-element_type=\"section\" data-settings=\"{&quot;background_background&quot;:&quot;classic&quot;}\">\n\t\t\t\t\t\t<div class=\"elementor-container elementor-column-gap-default\">\n\t\t\t\t\t<div class=\"elementor-column elementor-col-100 elementor-top-column elementor-element elementor-element-30bb3eb1 sc_inner_width_none sc_content_align_inherit sc_layouts_column_icons_position_left sc_fly_static\" data-id=\"30bb3eb1\" data-element_type=\"column\">\n\t\t\t<div class=\"elementor-widget-wrap elementor-element-populated\">\n\t\t\t\t\t\t\t\t<div class=\"elementor-element elementor-element-42e6a752 sc_height_huge sc_fly_static elementor-widget elementor-widget-spacer\" data-id=\"42e6a752\" data-element_type=\"widget\" data-widget_type=\"spacer.default\">\n\t\t\t\t<div class=\"elementor-widget-container\">\n\t\t\t\t\t<div class=\"elementor-spacer\">\n\t\t\t<div class=\"elementor-spacer-inner\"><\/div>\n\t\t<\/div>\n\t\t\t\t<\/div>\n\t\t\t\t<\/div>\n\t\t\t\t<section class=\"elementor-section elementor-inner-section elementor-element elementor-element-070dbc5 elementor-section-boxed elementor-section-height-default elementor-section-height-default sc_fly_static\" data-id=\"070dbc5\" data-element_type=\"section\">\n\t\t\t\t\t\t<div class=\"elementor-container elementor-column-gap-extended\">\n\t\t\t\t\t<div class=\"elementor-column elementor-col-50 elementor-inner-column elementor-element elementor-element-8516ded sc_inner_width_none sc_content_align_inherit sc_layouts_column_icons_position_left sc_fly_static\" data-id=\"8516ded\" data-element_type=\"column\">\n\t\t\t<div class=\"elementor-widget-wrap elementor-element-populated\">\n\t\t\t\t\t\t\t\t<div class=\"elementor-element elementor-element-8c14f05 e-transform sc_fly_static elementor-widget elementor-widget-image\" data-id=\"8c14f05\" data-element_type=\"widget\" data-settings=\"{&quot;_transform_translateY_effect&quot;:{&quot;unit&quot;:&quot;px&quot;,&quot;size&quot;:-25,&quot;sizes&quot;:[]},&quot;_transform_translateX_effect&quot;:{&quot;unit&quot;:&quot;px&quot;,&quot;size&quot;:&quot;&quot;,&quot;sizes&quot;:[]},&quot;_transform_translateX_effect_tablet&quot;:{&quot;unit&quot;:&quot;px&quot;,&quot;size&quot;:&quot;&quot;,&quot;sizes&quot;:[]},&quot;_transform_translateX_effect_mobile&quot;:{&quot;unit&quot;:&quot;px&quot;,&quot;size&quot;:&quot;&quot;,&quot;sizes&quot;:[]},&quot;_transform_translateY_effect_tablet&quot;:{&quot;unit&quot;:&quot;px&quot;,&quot;size&quot;:&quot;&quot;,&quot;sizes&quot;:[]},&quot;_transform_translateY_effect_mobile&quot;:{&quot;unit&quot;:&quot;px&quot;,&quot;size&quot;:&quot;&quot;,&quot;sizes&quot;:[]}}\" data-widget_type=\"image.default\">\n\t\t\t\t<div class=\"elementor-widget-container\">\n\t\t\t\t\t\t\t\t\t\t\t\t\t\t\t<img loading=\"lazy\" decoding=\"async\" width=\"1024\" height=\"683\" src=\"https:\/\/addavignon.com\/wp-content\/uploads\/2023\/08\/Les-associations-d-entraide-1024x683.jpg\" class=\"attachment-large size-large wp-image-23836\" alt=\"\" srcset=\"https:\/\/addavignon.com\/wp-content\/uploads\/2023\/08\/Les-associations-d-entraide-1024x683.jpg 1024w, https:\/\/addavignon.com\/wp-content\/uploads\/2023\/08\/Les-associations-d-entraide-300x200.jpg 300w, https:\/\/addavignon.com\/wp-content\/uploads\/2023\/08\/Les-associations-d-entraide-768x512.jpg 768w, https:\/\/addavignon.com\/wp-content\/uploads\/2023\/08\/Les-associations-d-entraide-370x247.jpg 370w, https:\/\/addavignon.com\/wp-content\/uploads\/2023\/08\/Les-associations-d-entraide-840x560.jpg 840w, https:\/\/addavignon.com\/wp-content\/uploads\/2023\/08\/Les-associations-d-entraide-410x273.jpg 410w, https:\/\/addavignon.com\/wp-content\/uploads\/2023\/08\/Les-associations-d-entraide.jpg 1200w\" sizes=\"auto, (max-width: 1024px) 100vw, 1024px\" \/>\t\t\t\t\t\t\t\t\t\t\t\t\t\t\t<\/div>\n\t\t\t\t<\/div>\n\t\t\t\t\t<\/div>\n\t\t<\/div>\n\t\t\t\t<div class=\"elementor-column elementor-col-50 elementor-inner-column elementor-element elementor-element-5d38a0a sc_inner_width_none sc_content_align_inherit sc_layouts_column_icons_position_left sc_fly_static\" data-id=\"5d38a0a\" data-element_type=\"column\">\n\t\t\t<div class=\"elementor-widget-wrap elementor-element-populated\">\n\t\t\t\t\t\t\t\t<div class=\"elementor-element elementor-element-31a2fb4b sc_fly_static elementor-widget elementor-widget-trx_sc_title\" data-id=\"31a2fb4b\" data-element_type=\"widget\" data-widget_type=\"trx_sc_title.default\">\n\t\t\t\t<div class=\"elementor-widget-container\">\n\t\t\t<div\t\tclass=\"sc_title color_style_link2 sc_title_accent\" ><span class=\"sc_item_subtitle sc_title_subtitle sc_item_subtitle_above sc_item_title_style_accent\">Bienfaisance charit\u00e9<\/span><\/div>\t\t<\/div>\n\t\t\t\t<\/div>\n\t\t\t\t<div class=\"elementor-element elementor-element-3ba7af2 sc_fly_static elementor-widget elementor-widget-text-editor\" data-id=\"3ba7af2\" data-element_type=\"widget\" data-widget_type=\"text-editor.default\">\n\t\t\t\t<div class=\"elementor-widget-container\">\n\t\t\t\t\t\t\t<p>La solidarit\u00e9 \u00e9vang\u00e9lique a pour but exclusif l&#8217;assistance et la bienfaisance, en venant en aide mat\u00e9riellement et moralement \u00e0 toute personne physique dans le besoin, dans un esprit de pi\u00e9t\u00e9 \u00e9vang\u00e9lique. Cette action s&#8217;effectue par le biais des sections locales de la SE aux seins des Eglises.<\/p>\t\t\t\t\t\t<\/div>\n\t\t\t\t<\/div>\n\t\t\t\t<div class=\"elementor-element elementor-element-1199b08 sc_fly_static elementor-widget elementor-widget-spacer\" data-id=\"1199b08\" data-element_type=\"widget\" data-widget_type=\"spacer.default\">\n\t\t\t\t<div class=\"elementor-widget-container\">\n\t\t\t\t\t<div class=\"elementor-spacer\">\n\t\t\t<div class=\"elementor-spacer-inner\"><\/div>\n\t\t<\/div>\n\t\t\t\t<\/div>\n\t\t\t\t<\/div>\n\t\t\t\t<div class=\"elementor-element elementor-element-ed398e0 sc_fly_static elementor-widget elementor-widget-text-editor\" data-id=\"ed398e0\" data-element_type=\"widget\" data-widget_type=\"text-editor.default\">\n\t\t\t\t<div class=\"elementor-widget-container\">\n\t\t\t\t\t\t\t<p>Cr\u00e9\u00e9e en 1979, l&#8217;antenne d&#8217;Avignon de la Solidarit\u00e9 Evang\u00e9lique a pu secourir bien des familles en difficult\u00e9 de toutes cat\u00e9gories socioprofessionnelles, aider les sinistr\u00e9s (victimes d&#8217;inondations ou autre&#8230;).\u00a0<\/p><p>Actuellement, nous aidons plusieurs familles par un colis alimentaire, et\/ou une aide financi\u00e8re ponctuelle.<\/p>\t\t\t\t\t\t<\/div>\n\t\t\t\t<\/div>\n\t\t\t\t\t<\/div>\n\t\t<\/div>\n\t\t\t\t\t\t\t<\/div>\n\t\t<\/section>\n\t\t\t\t\t<\/div>\n\t\t<\/div>\n\t\t\t\t\t\t\t<\/div>\n\t\t<\/section>\n\t\t\t\t\t\t\t<\/div>","protected":false},"excerpt":{"rendered":"<p>Bienfaisance charit\u00e9 La solidarit\u00e9 \u00e9vang\u00e9lique a pour but exclusif l&#8217;assistance et la bienfaisance, en venant en aide mat\u00e9riellement et moralement \u00e0 toute personne physique dans le besoin, dans un esprit&hellip;<\/p>","protected":false},"author":1,"featured_media":0,"parent":0,"menu_order":0,"comment_status":"closed","ping_status":"closed","template":"","meta":{"footnotes":""},"class_list":["post-23834","page","type-page","status-publish","hentry"],"_links":{"self":[{"href":"https:\/\/addavignon.com\/en\/wp-json\/wp\/v2\/pages\/23834","targetHints":{"allow":["GET"]}}],"collection":[{"href":"https:\/\/addavignon.com\/en\/wp-json\/wp\/v2\/pages"}],"about":[{"href":"https:\/\/addavignon.com\/en\/wp-json\/wp\/v2\/types\/page"}],"author":[{"embeddable":true,"href":"https:\/\/addavignon.com\/en\/wp-json\/wp\/v2\/users\/1"}],"replies":[{"embeddable":true,"href":"https:\/\/addavignon.com\/en\/wp-json\/wp\/v2\/comments?post=23834"}],"version-history":[{"count":8,"href":"https:\/\/addavignon.com\/en\/wp-json\/wp\/v2\/pages\/23834\/revisions"}],"predecessor-version":[{"id":23853,"href":"https:\/\/addavignon.com\/en\/wp-json\/wp\/v2\/pages\/23834\/revisions\/23853"}],"wp:attachment":[{"href":"https:\/\/addavignon.com\/en\/wp-json\/wp\/v2\/media?parent=23834"}],"curies":[{"name":"wp","href":"https:\/\/api.w.org\/{rel}","templated":true}]}}