{"id":23854,"date":"2023-08-15T17:30:39","date_gmt":"2023-08-15T15:30:39","guid":{"rendered":"https:\/\/addavignon.com\/site_v2\/?page_id=23854"},"modified":"2023-08-26T16:10:05","modified_gmt":"2023-08-26T14:10:05","slug":"activites-socio-culturelles","status":"publish","type":"page","link":"https:\/\/addavignon.com\/en\/activites-socio-culturelles\/","title":{"rendered":"Activit\u00e9s socio-culturelles"},"content":{"rendered":"<div data-elementor-type=\"wp-page\" data-elementor-id=\"23854\" class=\"elementor elementor-23854\">\n\t\t\t\t\t\t\t\t\t<section class=\"elementor-section elementor-top-section elementor-element elementor-element-7d41a3aa scheme_light elementor-section-boxed elementor-section-height-default elementor-section-height-default sc_fly_static\" data-id=\"7d41a3aa\" data-element_type=\"section\" data-settings=\"{&quot;background_background&quot;:&quot;classic&quot;}\">\n\t\t\t\t\t\t<div class=\"elementor-container elementor-column-gap-default\">\n\t\t\t\t\t<div class=\"elementor-column elementor-col-100 elementor-top-column elementor-element elementor-element-30bb3eb1 sc_inner_width_none sc_content_align_inherit sc_layouts_column_icons_position_left sc_fly_static\" data-id=\"30bb3eb1\" data-element_type=\"column\">\n\t\t\t<div class=\"elementor-widget-wrap elementor-element-populated\">\n\t\t\t\t\t\t\t\t<div class=\"elementor-element elementor-element-42e6a752 sc_height_huge sc_fly_static elementor-widget elementor-widget-spacer\" data-id=\"42e6a752\" data-element_type=\"widget\" data-widget_type=\"spacer.default\">\n\t\t\t\t<div class=\"elementor-widget-container\">\n\t\t\t\t\t<div class=\"elementor-spacer\">\n\t\t\t<div class=\"elementor-spacer-inner\"><\/div>\n\t\t<\/div>\n\t\t\t\t<\/div>\n\t\t\t\t<\/div>\n\t\t\t\t<section class=\"elementor-section elementor-inner-section elementor-element elementor-element-070dbc5 elementor-section-boxed elementor-section-height-default elementor-section-height-default sc_fly_static\" data-id=\"070dbc5\" data-element_type=\"section\">\n\t\t\t\t\t\t<div class=\"elementor-container elementor-column-gap-extended\">\n\t\t\t\t\t<div class=\"elementor-column elementor-col-50 elementor-inner-column elementor-element elementor-element-8516ded sc_inner_width_none sc_content_align_inherit sc_layouts_column_icons_position_left sc_fly_static\" data-id=\"8516ded\" data-element_type=\"column\">\n\t\t\t<div class=\"elementor-widget-wrap elementor-element-populated\">\n\t\t\t\t\t\t\t\t<div class=\"elementor-element elementor-element-8c14f05 e-transform sc_fly_static elementor-widget elementor-widget-image\" data-id=\"8c14f05\" data-element_type=\"widget\" data-settings=\"{&quot;_transform_translateY_effect&quot;:{&quot;unit&quot;:&quot;px&quot;,&quot;size&quot;:-25,&quot;sizes&quot;:[]},&quot;_transform_translateX_effect&quot;:{&quot;unit&quot;:&quot;px&quot;,&quot;size&quot;:&quot;&quot;,&quot;sizes&quot;:[]},&quot;_transform_translateX_effect_tablet&quot;:{&quot;unit&quot;:&quot;px&quot;,&quot;size&quot;:&quot;&quot;,&quot;sizes&quot;:[]},&quot;_transform_translateX_effect_mobile&quot;:{&quot;unit&quot;:&quot;px&quot;,&quot;size&quot;:&quot;&quot;,&quot;sizes&quot;:[]},&quot;_transform_translateY_effect_tablet&quot;:{&quot;unit&quot;:&quot;px&quot;,&quot;size&quot;:&quot;&quot;,&quot;sizes&quot;:[]},&quot;_transform_translateY_effect_mobile&quot;:{&quot;unit&quot;:&quot;px&quot;,&quot;size&quot;:&quot;&quot;,&quot;sizes&quot;:[]}}\" data-widget_type=\"image.default\">\n\t\t\t\t<div class=\"elementor-widget-container\">\n\t\t\t\t\t\t\t\t\t\t\t\t\t\t\t<img loading=\"lazy\" decoding=\"async\" width=\"282\" height=\"300\" src=\"https:\/\/addavignon.com\/wp-content\/uploads\/2023\/08\/thumbnail_cafej-1-1-282x300.jpg\" class=\"attachment-medium size-medium wp-image-23980\" alt=\"\" srcset=\"https:\/\/addavignon.com\/wp-content\/uploads\/2023\/08\/thumbnail_cafej-1-1-282x300.jpg 282w, https:\/\/addavignon.com\/wp-content\/uploads\/2023\/08\/thumbnail_cafej-1-1-370x393.jpg 370w, https:\/\/addavignon.com\/wp-content\/uploads\/2023\/08\/thumbnail_cafej-1-1-410x436.jpg 410w, https:\/\/addavignon.com\/wp-content\/uploads\/2023\/08\/thumbnail_cafej-1-1.jpg 480w\" sizes=\"auto, (max-width: 282px) 100vw, 282px\" \/>\t\t\t\t\t\t\t\t\t\t\t\t\t\t\t<\/div>\n\t\t\t\t<\/div>\n\t\t\t\t\t<\/div>\n\t\t<\/div>\n\t\t\t\t<div class=\"elementor-column elementor-col-50 elementor-inner-column elementor-element elementor-element-5d38a0a sc_inner_width_none sc_content_align_inherit sc_layouts_column_icons_position_left sc_fly_static\" data-id=\"5d38a0a\" data-element_type=\"column\">\n\t\t\t<div class=\"elementor-widget-wrap elementor-element-populated\">\n\t\t\t\t\t\t\t\t<div class=\"elementor-element elementor-element-31a2fb4b sc_fly_static elementor-widget elementor-widget-trx_sc_title\" data-id=\"31a2fb4b\" data-element_type=\"widget\" data-widget_type=\"trx_sc_title.default\">\n\t\t\t\t<div class=\"elementor-widget-container\">\n\t\t\t<div\t\tclass=\"sc_title color_style_link2 sc_title_accent\" ><span class=\"sc_item_subtitle sc_title_subtitle sc_item_subtitle_above sc_item_title_style_accent\">CAFEJ \/ Activit\u00e9s Socioculturelles<\/span><\/div>\t\t<\/div>\n\t\t\t\t<\/div>\n\t\t\t\t<div class=\"elementor-element elementor-element-3ba7af2 sc_fly_static elementor-widget elementor-widget-text-editor\" data-id=\"3ba7af2\" data-element_type=\"widget\" data-widget_type=\"text-editor.default\">\n\t\t\t\t<div class=\"elementor-widget-container\">\n\t\t\t\t\t\t\t<p><b>CAFEJ84 Centre d\u2019Animation pour la Famille l\u2019Enfance et la Jeunesse en Vaucluse<\/b><br aria-hidden=\"true\" \/>Le CAFEJ 84 est une Association \u00e0 but non lucratif qui d\u00e9pend de la Loi 1901 des Associations.<\/p><p>Il permet \u00e0 l\u2019Eglise d\u2019organiser des activit\u00e9s aupr\u00e8s des familles (enfants, jeunes, adultes, personnes \u00e2g\u00e9es) dans le respect de la l\u00e9gislation en vigueur. Les activit\u00e9s organis\u00e9es (repas pris en commun, sorties touristiques, spectacles, concerts, activit\u00e9s artistiques etc\u2026) ont pour but de favoriser l\u2019\u00e9panouissement de chacun dans le cadre spirituel chr\u00e9tien.<\/p><p>Le CAFEJ84 est divis\u00e9 en plusieurs d\u00e9partements : Musique, A\u00een\u00e9s, Famille, Club de la Joie, Jeunes, Enfants, Ados, Petite enfance. Ils sont les \u00e9quivalents d\u2019animation de ces m\u00eames d\u00e9partements spirituels de l\u2019Eglise. Les membres du CAFEJ84 manifestent ainsi concr\u00e8tement leur amour, non seulement aux chr\u00e9tiens de l\u2019Eglise locale, \u00e0 leur famille et \u00e0 leurs enfants, mais aussi \u00e0 leurs amis, leurs coll\u00e8gues, leurs voisins\u2026 leur prochain.<br aria-hidden=\"true\" \/>Deux versets de la Bible soutiennent leur motivation<br aria-hidden=\"true\" \/><br \/><\/p>\t\t\t\t\t\t<\/div>\n\t\t\t\t<\/div>\n\t\t\t\t<div class=\"elementor-element elementor-element-ed398e0 sc_fly_static elementor-widget elementor-widget-text-editor\" data-id=\"ed398e0\" data-element_type=\"widget\" data-widget_type=\"text-editor.default\">\n\t\t\t\t<div class=\"elementor-widget-container\">\n\t\t\t\t\t\t\t<p><b>\u00ab Aimez-vous les uns les autres \u00bb Jean 13 : 34<\/b><br aria-hidden=\"true\" \/><b>\u00ab Tu aimeras ton prochain comme toi-m\u00eame \u00bb Matthieu 19 :19<\/b><\/p>\t\t\t\t\t\t<\/div>\n\t\t\t\t<\/div>\n\t\t\t\t<div class=\"elementor-element elementor-element-1199b08 sc_fly_static elementor-widget elementor-widget-spacer\" data-id=\"1199b08\" data-element_type=\"widget\" data-widget_type=\"spacer.default\">\n\t\t\t\t<div class=\"elementor-widget-container\">\n\t\t\t\t\t<div class=\"elementor-spacer\">\n\t\t\t<div class=\"elementor-spacer-inner\"><\/div>\n\t\t<\/div>\n\t\t\t\t<\/div>\n\t\t\t\t<\/div>\n\t\t\t\t\t<\/div>\n\t\t<\/div>\n\t\t\t\t\t\t\t<\/div>\n\t\t<\/section>\n\t\t\t\t\t<\/div>\n\t\t<\/div>\n\t\t\t\t\t\t\t<\/div>\n\t\t<\/section>\n\t\t\t\t<section class=\"elementor-section elementor-top-section elementor-element elementor-element-8e4a780 elementor-section-boxed elementor-section-height-default elementor-section-height-default sc_fly_static\" data-id=\"8e4a780\" data-element_type=\"section\">\n\t\t\t\t\t\t<div class=\"elementor-container elementor-column-gap-extended\">\n\t\t\t\t\t<div class=\"elementor-column elementor-col-100 elementor-top-column elementor-element elementor-element-827107e sc_inner_width_none sc_content_align_inherit sc_layouts_column_icons_position_left sc_fly_static\" data-id=\"827107e\" data-element_type=\"column\">\n\t\t\t<div class=\"elementor-widget-wrap elementor-element-populated\">\n\t\t\t\t\t\t\t\t<div class=\"elementor-element elementor-element-7ae5c61 sc_fly_static elementor-widget elementor-widget-spacer\" data-id=\"7ae5c61\" data-element_type=\"widget\" data-widget_type=\"spacer.default\">\n\t\t\t\t<div class=\"elementor-widget-container\">\n\t\t\t\t\t<div class=\"elementor-spacer\">\n\t\t\t<div class=\"elementor-spacer-inner\"><\/div>\n\t\t<\/div>\n\t\t\t\t<\/div>\n\t\t\t\t<\/div>\n\t\t\t\t\t<\/div>\n\t\t<\/div>\n\t\t\t\t\t\t\t<\/div>\n\t\t<\/section>\n\t\t\t\t\t\t\t<\/div>","protected":false},"excerpt":{"rendered":"<p>CAFEJ \/ Activit\u00e9s Socioculturelles CAFEJ84 Centre d\u2019Animation pour la Famille l\u2019Enfance et la Jeunesse en VaucluseLe CAFEJ 84 est une Association \u00e0 but non lucratif qui d\u00e9pend de la Loi&hellip;<\/p>","protected":false},"author":1,"featured_media":0,"parent":0,"menu_order":0,"comment_status":"closed","ping_status":"closed","template":"","meta":{"footnotes":""},"class_list":["post-23854","page","type-page","status-publish","hentry"],"_links":{"self":[{"href":"https:\/\/addavignon.com\/en\/wp-json\/wp\/v2\/pages\/23854","targetHints":{"allow":["GET"]}}],"collection":[{"href":"https:\/\/addavignon.com\/en\/wp-json\/wp\/v2\/pages"}],"about":[{"href":"https:\/\/addavignon.com\/en\/wp-json\/wp\/v2\/types\/page"}],"author":[{"embeddable":true,"href":"https:\/\/addavignon.com\/en\/wp-json\/wp\/v2\/users\/1"}],"replies":[{"embeddable":true,"href":"https:\/\/addavignon.com\/en\/wp-json\/wp\/v2\/comments?post=23854"}],"version-history":[{"count":7,"href":"https:\/\/addavignon.com\/en\/wp-json\/wp\/v2\/pages\/23854\/revisions"}],"predecessor-version":[{"id":23983,"href":"https:\/\/addavignon.com\/en\/wp-json\/wp\/v2\/pages\/23854\/revisions\/23983"}],"wp:attachment":[{"href":"https:\/\/addavignon.com\/en\/wp-json\/wp\/v2\/media?parent=23854"}],"curies":[{"name":"wp","href":"https:\/\/api.w.org\/{rel}","templated":true}]}}